{"id":19,"date":"2018-10-11T10:04:38","date_gmt":"2018-10-11T10:04:38","guid":{"rendered":"http:\/\/www.mdkchelm.pl\/?page_id=19"},"modified":"2024-11-17T11:05:18","modified_gmt":"2024-11-17T11:05:18","slug":"kontakt","status":"publish","type":"page","link":"https:\/\/www.mdkchelm.pl\/?page_id=19","title":{"rendered":"KONTAKT"},"content":{"rendered":"<div>&nbsp;<\/div>\n<div>\n<div style=\"text-align: left;\"><strong>M\u0142odzie\u017cowy Dom Kultury<\/strong><\/div>\n<div style=\"text-align: left;\"><strong>ul. Pocztowa 41<\/strong><br \/>\n<strong>22-100 Che\u0142m<\/strong><br \/>\n<strong>Telefon: 82 565 21 57<\/strong><br \/>\n<strong>E-mail: sekretariat@mdkchelm.pl<\/strong><\/div>\n<div>e-dor\u0119czenia AE:PL-86058-36017-GSVVH-24<\/div>\n<p>&nbsp;<\/p>\n<p><strong>Sekretariat czynny w godzinach:<\/strong><br \/>\nponiedzia\u0142ek &#8211; 7.30-15.30<br \/>\nwtorek &#8211; 7.30-15.30<br \/>\n\u015broda &#8211; 9.00-17.00<br \/>\nczwartek &#8211; 7.30-15.30<br \/>\npi\u0105tek &#8211; 7.30-15.30<\/p>\n<div>&nbsp;<\/div>\n<div>\n<div>\n<hr>\n<\/div>\n<div>&nbsp;<\/div>\n<div style=\"text-align: left;\"><strong>Rada Rodzic\u00f3w przy MDK w Che\u0142mie<br \/>\nul. Pocztowa 41<br \/>\n22-100 Che\u0142m<br \/>\nNIP 563 209 12 35<br \/>\nNumer rachunku bankowego: PEKAO SA 38 1240 2223 1111 0011 2968 7310<\/strong><\/div>\n<div style=\"text-align: left;\">&nbsp;<\/div>\n<div>&nbsp;<\/div>\n<div>\n<hr>\n<\/div>\n<div style=\"text-align: justify;\">Wyra\u017cam zgod\u0119 na przetwarzanie moich danych osobowych zgodnie z og\u00f3lnym rozporz\u0105dzeniem o ochronie danych osobowych z dnia 27 kwietnia 2016 r. (RODO) w zwi\u0105zku z przes\u0142anym przeze mnie zapytaniem. Mam prawo cofn\u0105\u0107 zgod\u0119 w ka\u017cdym czasie (dane przetwarzane s\u0105 do czasu cofni\u0119cia zgody). Podanie danych jest dobrowolne, ale niezb\u0119dne do przetworzenia zapytania. Zosta\u0142em\/am poinformowany \/a, \u017ce przys\u0142uguje mi prawo dost\u0119pu do danych, sprostowania, usuni\u0119cia lub ograniczenia przetwarzania, prawo sprzeciwu oraz prawo wniesienia skargi do organu nadzorczego. Administratorem danych osobowych jest M\u0142odzie\u017cowy Dom Kultury w Che\u0142mie (adres: ul. Pocztowa 41, 22-100 Che\u0142m, tel. 82 565 21 57 , e-mail: mdk.chelm@gmail.com) Pe\u0142na tre\u015b\u0107 obowi\u0105zku informacyjnego <a href=\"http:\/\/www.mdkchelm.pl\/wp-content\/uploads\/2020\/06\/OBOWI\u0104ZEK-INFORMACYJNY-zak\u0142adka-kontakt.pdf\" target=\"_blank\" rel=\"noopener noreferrer\"><span style=\"color: #800000;\"><strong>TUTAJ<\/strong><\/span><\/a><\/div>\n<div class=\"mapouter\">\n<style>.mapouter{text-align:right;height:500px;width:365px;}.gmap_canvas {overflow:hidden;background:none!important;height:500px;width:365px;}<\/style>\n<\/div>\n<\/div>\n<\/div>\n","protected":false},"excerpt":{"rendered":"<p>&nbsp; M\u0142odzie\u017cowy Dom Kultury ul. Pocztowa 41 22-100 Che\u0142m Telefon: 82 565 21 57 E-mail: sekretariat@mdkchelm.pl e-dor\u0119czenia AE:PL-86058-36017-GSVVH-24 &nbsp; Sekretariat czynny w godzinach: poniedzia\u0142ek &#8211; 7.30-15.30 wtorek &#8211; 7.30-15.30 \u015broda &#8211; 9.00-17.00 czwartek &#8211;&#46;&#46;&#46;<\/p>\n","protected":false},"author":1,"featured_media":0,"parent":0,"menu_order":0,"comment_status":"closed","ping_status":"closed","template":"","meta":{"ngg_post_thumbnail":0,"footnotes":""},"_links":{"self":[{"href":"https:\/\/www.mdkchelm.pl\/index.php?rest_route=\/wp\/v2\/pages\/19"}],"collection":[{"href":"https:\/\/www.mdkchelm.pl\/index.php?rest_route=\/wp\/v2\/pages"}],"about":[{"href":"https:\/\/www.mdkchelm.pl\/index.php?rest_route=\/wp\/v2\/types\/page"}],"author":[{"embeddable":true,"href":"https:\/\/www.mdkchelm.pl\/index.php?rest_route=\/wp\/v2\/users\/1"}],"replies":[{"embeddable":true,"href":"https:\/\/www.mdkchelm.pl\/index.php?rest_route=%2Fwp%2Fv2%2Fcomments&post=19"}],"version-history":[{"count":103,"href":"https:\/\/www.mdkchelm.pl\/index.php?rest_route=\/wp\/v2\/pages\/19\/revisions"}],"predecessor-version":[{"id":77735,"href":"https:\/\/www.mdkchelm.pl\/index.php?rest_route=\/wp\/v2\/pages\/19\/revisions\/77735"}],"wp:attachment":[{"href":"https:\/\/www.mdkchelm.pl\/index.php?rest_route=%2Fwp%2Fv2%2Fmedia&parent=19"}],"curies":[{"name":"wp","href":"https:\/\/api.w.org\/{rel}","templated":true}]}}