{"id":31273,"date":"2019-09-01T01:20:28","date_gmt":"2019-09-01T01:20:28","guid":{"rendered":"http:\/\/www.mdkchelm.pl\/?page_id=31273"},"modified":"2025-05-07T14:23:18","modified_gmt":"2025-05-07T14:23:18","slug":"zespol-muzyczny","status":"publish","type":"page","link":"https:\/\/www.mdkchelm.pl\/?page_id=31273","title":{"rendered":"PRACOWNIA D\u0179WI\u0118KU I OBRAZU &#8222;BITZ KIDS&#8221;"},"content":{"rendered":"<p>W Pracowni D\u017awi\u0119ku i Obrazu dzia\u0142aj\u0105: grupy wokalno-instrumentalne Ma\u0142olaci i Nieletni oraz Edukacyjne Studio Nagra\u0144.<\/p>\n<p>Grupa Ma\u0142olaci (grupa m\u0142odsza w wieku 8-13 lat) i grupa Nieletni (grupa starsza w wieku 13-17 lat) &#8211; na zaj\u0119ciach gramy i \u015bpiewamy utwory znane, ale r\u00f3wnie\u017c tworzymy w\u0142asne. Uczymy si\u0119 muzyki i mi\u0142o\u015bci do niej. Wspieramy i dope\u0142niamy edukacj\u0119 w szkole muzycznej, daj\u0105c dzieciom i m\u0142odzie\u017cy mo\u017cliwo\u015b\u0107 grania w wi\u0119kszym zespole. Uczestnicy niejako z automatu przynale\u017c\u0105 te\u017c do grupy Edukacyjne Studio Nagra\u0144, gdzie uczymy si\u0119 technicznych aspekt\u00f3w pracy z d\u017awi\u0119kiem i obrazem. Nagrywanie reklam, tik tok\u00f3w czy s\u0142uchowisk to r\u00f3wnie\u017c elementy edukacji studia.<\/p>\n<p>Edukacyjne studio nagra\u0144 to zaj\u0119cia rozszerzaj\u0105ce dla cz\u0142onk\u00f3w grup Ma\u0142olaci i Nieletni, w kt\u00f3rej g\u0142\u0119biej przygl\u0105damy si\u0119 d\u017awi\u0119kom, instrumentom i ich roli w muzyce i \u015bwiecie kt\u00f3ry nas otacza. Zaj\u0119cia odbywaj\u0105 si\u0119 w studio nagra\u0144, wyposa\u017conym we wszystko, czego potrzebuje wsp\u00f3\u0142czesny muzyk, producent, reporta\u017cysta, YouTuber czy Tik-Tok&#8217;er.<\/p>\n<p>Zapraszamy zdoln\u0105, ch\u0119tn\u0105 m\u0142odzie\u017c i dzieciaki do uczestnictwa w tej arcyciekawej formie sp\u0119dzania czasu w spos\u00f3b kreatywny i wyj\u0105tkowy.<\/p>\n<p>Nauczyciel: \u0141ukasz \u017bebrowski<\/p>\n","protected":false},"excerpt":{"rendered":"<p>W Pracowni D\u017awi\u0119ku i Obrazu dzia\u0142aj\u0105: grupy wokalno-instrumentalne Ma\u0142olaci i Nieletni oraz Edukacyjne Studio Nagra\u0144. Grupa Ma\u0142olaci (grupa m\u0142odsza w wieku 8-13 lat) i grupa Nieletni (grupa starsza w wieku 13-17 lat) &#8211; na&#46;&#46;&#46;<\/p>\n","protected":false},"author":2,"featured_media":0,"parent":0,"menu_order":0,"comment_status":"closed","ping_status":"closed","template":"","meta":{"ngg_post_thumbnail":0,"footnotes":""},"_links":{"self":[{"href":"https:\/\/www.mdkchelm.pl\/index.php?rest_route=\/wp\/v2\/pages\/31273"}],"collection":[{"href":"https:\/\/www.mdkchelm.pl\/index.php?rest_route=\/wp\/v2\/pages"}],"about":[{"href":"https:\/\/www.mdkchelm.pl\/index.php?rest_route=\/wp\/v2\/types\/page"}],"author":[{"embeddable":true,"href":"https:\/\/www.mdkchelm.pl\/index.php?rest_route=\/wp\/v2\/users\/2"}],"replies":[{"embeddable":true,"href":"https:\/\/www.mdkchelm.pl\/index.php?rest_route=%2Fwp%2Fv2%2Fcomments&post=31273"}],"version-history":[{"count":6,"href":"https:\/\/www.mdkchelm.pl\/index.php?rest_route=\/wp\/v2\/pages\/31273\/revisions"}],"predecessor-version":[{"id":78133,"href":"https:\/\/www.mdkchelm.pl\/index.php?rest_route=\/wp\/v2\/pages\/31273\/revisions\/78133"}],"wp:attachment":[{"href":"https:\/\/www.mdkchelm.pl\/index.php?rest_route=%2Fwp%2Fv2%2Fmedia&parent=31273"}],"curies":[{"name":"wp","href":"https:\/\/api.w.org\/{rel}","templated":true}]}}