{"id":31275,"date":"2019-09-01T01:21:44","date_gmt":"2019-09-01T01:21:44","guid":{"rendered":"http:\/\/www.mdkchelm.pl\/?page_id=31275"},"modified":"2023-09-15T15:25:50","modified_gmt":"2023-09-15T15:25:50","slug":"pracownia-plastyczna-plastelownia","status":"publish","type":"page","link":"https:\/\/www.mdkchelm.pl\/?page_id=31275","title":{"rendered":"PRACOWNIA PLASTYCZNA PLASTELOWNIA"},"content":{"rendered":"<p>Pracownia plastyczna Plastelownia to miejsce&#8230;, w kt\u00f3rym dzieci czuj\u0105 si\u0119 dobrze. Maluj\u0105, rysuj\u0105, rze\u017abi\u0105, wyklejaj\u0105 \u2013 bawi\u0105 si\u0119 kolorem, form\u0105, faktur\u0105.<br \/>\nAby wsp\u00f3\u0142praca uk\u0142ada\u0142a si\u0119 nam jak najlepiej, poza programowymi zaj\u0119ciami, organizujemy te\u017c warsztaty integracyjne dla rodzic\u00f3w i wyje\u017cd\u017camy na wycieczki do miejsc, gdzie fajnie sp\u0119dzamy czas.<br \/>\nW PLASTELOWNI wiemy, \u017ce ka\u017cde dziecko jest indywidualist\u0105 i ma swoje szczeg\u00f3lne potrzeby, dlatego zawsze si\u0119 wzajemnie wspieramy.<\/p>\n<p>Nauczyciel: Violetta Furtak<\/p>\n","protected":false},"excerpt":{"rendered":"<p>Pracownia plastyczna Plastelownia to miejsce&#8230;, w kt\u00f3rym dzieci czuj\u0105 si\u0119 dobrze. Maluj\u0105, rysuj\u0105, rze\u017abi\u0105, wyklejaj\u0105 \u2013 bawi\u0105 si\u0119 kolorem, form\u0105, faktur\u0105. Aby wsp\u00f3\u0142praca uk\u0142ada\u0142a si\u0119 nam jak najlepiej, poza programowymi zaj\u0119ciami, organizujemy te\u017c warsztaty&#46;&#46;&#46;<\/p>\n","protected":false},"author":2,"featured_media":0,"parent":0,"menu_order":0,"comment_status":"closed","ping_status":"closed","template":"","meta":{"ngg_post_thumbnail":0,"footnotes":""},"_links":{"self":[{"href":"https:\/\/www.mdkchelm.pl\/index.php?rest_route=\/wp\/v2\/pages\/31275"}],"collection":[{"href":"https:\/\/www.mdkchelm.pl\/index.php?rest_route=\/wp\/v2\/pages"}],"about":[{"href":"https:\/\/www.mdkchelm.pl\/index.php?rest_route=\/wp\/v2\/types\/page"}],"author":[{"embeddable":true,"href":"https:\/\/www.mdkchelm.pl\/index.php?rest_route=\/wp\/v2\/users\/2"}],"replies":[{"embeddable":true,"href":"https:\/\/www.mdkchelm.pl\/index.php?rest_route=%2Fwp%2Fv2%2Fcomments&post=31275"}],"version-history":[{"count":3,"href":"https:\/\/www.mdkchelm.pl\/index.php?rest_route=\/wp\/v2\/pages\/31275\/revisions"}],"predecessor-version":[{"id":76626,"href":"https:\/\/www.mdkchelm.pl\/index.php?rest_route=\/wp\/v2\/pages\/31275\/revisions\/76626"}],"wp:attachment":[{"href":"https:\/\/www.mdkchelm.pl\/index.php?rest_route=%2Fwp%2Fv2%2Fmedia&parent=31275"}],"curies":[{"name":"wp","href":"https:\/\/api.w.org\/{rel}","templated":true}]}}