{"id":392,"date":"2018-11-27T08:32:55","date_gmt":"2018-11-27T08:32:55","guid":{"rendered":"http:\/\/www.mdkchelm.pl\/?page_id=392"},"modified":"2025-04-24T19:17:34","modified_gmt":"2025-04-24T19:17:34","slug":"regulaminy","status":"publish","type":"page","link":"https:\/\/www.mdkchelm.pl\/?page_id=392","title":{"rendered":"REGULAMINY"},"content":{"rendered":"\n<p><a href=\"https:\/\/www.mdkchelm.pl\/wp-content\/uploads\/2025\/04\/A-ja-kocham-swoje-miasto-2025-pdf.pdf\" target=\"_blank\" rel=\"noreferrer noopener\">XXXIII KONKURS A JA KOCHAM SWOJE MIASTO &#8211; 2025<\/a><\/p>\n\n\n\n<p><a href=\"https:\/\/www.mdkchelm.pl\/wp-content\/uploads\/2025\/03\/PISANKA-WIELKANOCNA-2025-pdf.pdf\" target=\"_blank\" rel=\"noreferrer noopener\">KONKURS PISANKA WIELKANOCNA 2025<\/a><\/p>\n\n\n\n<p><a href=\"https:\/\/www.mdkchelm.pl\/wp-content\/uploads\/2025\/01\/REGULAMIN-KONKURSU-PRZESTRZEN-2025-1-1.pdf\" target=\"_blank\" rel=\"noreferrer noopener\">Wojew\u00f3dzki Konkurs Fotograficzny M\u0142odzie\u017cy \u201ePrzestrze\u0144 2025\u201d<\/a><\/p>\n\n\n\n<p><a href=\"https:\/\/www.mdkchelm.pl\/wp-content\/uploads\/2024\/11\/Ozdoba-choinkowa-2024-1.pdf\" target=\"_blank\" rel=\"noreferrer noopener\">OZDOBA CHOINKOWA 2024<\/a><\/p>\n\n\n\n<p><a href=\"https:\/\/www.mdkchelm.pl\/wp-content\/uploads\/2024\/10\/DZS-regulamin-VIII.pdf\" target=\"_blank\" rel=\"noreferrer noopener\">DRUGIE \u017bYCIE \u015aMIECI 2024<\/a><\/p>\n\n\n\n<p><a href=\"https:\/\/www.mdkchelm.pl\/wp-content\/uploads\/2024\/05\/A-ja-kocham-swoje-miasto-2024.pdf\" target=\"_blank\" rel=\"noreferrer noopener\">A JA KOCHAM SWOJE MIASTO 2024<\/a><\/p>\n","protected":false},"excerpt":{"rendered":"<p>XXXIII KONKURS A JA KOCHAM SWOJE MIASTO &#8211; 2025 KONKURS PISANKA WIELKANOCNA 2025 Wojew\u00f3dzki Konkurs Fotograficzny M\u0142odzie\u017cy \u201ePrzestrze\u0144 2025\u201d OZDOBA CHOINKOWA 2024 DRUGIE \u017bYCIE \u015aMIECI 2024 A JA KOCHAM SWOJE MIASTO 2024<\/p>\n","protected":false},"author":1,"featured_media":0,"parent":0,"menu_order":0,"comment_status":"closed","ping_status":"closed","template":"","meta":{"ngg_post_thumbnail":0,"footnotes":""},"_links":{"self":[{"href":"https:\/\/www.mdkchelm.pl\/index.php?rest_route=\/wp\/v2\/pages\/392"}],"collection":[{"href":"https:\/\/www.mdkchelm.pl\/index.php?rest_route=\/wp\/v2\/pages"}],"about":[{"href":"https:\/\/www.mdkchelm.pl\/index.php?rest_route=\/wp\/v2\/types\/page"}],"author":[{"embeddable":true,"href":"https:\/\/www.mdkchelm.pl\/index.php?rest_route=\/wp\/v2\/users\/1"}],"replies":[{"embeddable":true,"href":"https:\/\/www.mdkchelm.pl\/index.php?rest_route=%2Fwp%2Fv2%2Fcomments&post=392"}],"version-history":[{"count":29,"href":"https:\/\/www.mdkchelm.pl\/index.php?rest_route=\/wp\/v2\/pages\/392\/revisions"}],"predecessor-version":[{"id":78123,"href":"https:\/\/www.mdkchelm.pl\/index.php?rest_route=\/wp\/v2\/pages\/392\/revisions\/78123"}],"wp:attachment":[{"href":"https:\/\/www.mdkchelm.pl\/index.php?rest_route=%2Fwp%2Fv2%2Fmedia&parent=392"}],"curies":[{"name":"wp","href":"https:\/\/api.w.org\/{rel}","templated":true}]}}