{"id":396,"date":"2018-11-27T08:33:13","date_gmt":"2018-11-27T08:33:13","guid":{"rendered":"http:\/\/www.mdkchelm.pl\/?page_id=396"},"modified":"2025-06-04T12:44:54","modified_gmt":"2025-06-04T12:44:54","slug":"protokoly","status":"publish","type":"page","link":"https:\/\/www.mdkchelm.pl\/?page_id=396","title":{"rendered":"PROTOKO\u0141Y"},"content":{"rendered":"<p><a href=\"https:\/\/www.mdkchelm.pl\/wp-content\/uploads\/2025\/06\/Protokol-A-ja-kocham-swoje-miasto-2025.pdf\">A JA KOCHAM SWOJE MIASTO<\/a><\/p>\n<p><a href=\"https:\/\/www.mdkchelm.pl\/wp-content\/uploads\/2025\/04\/Protokol-Pisanka-2025.pdf\">PROTOKO\u0141 PISANKA WIELKANOCNA 2025<\/a><\/p>\n<p><a href=\"https:\/\/www.mdkchelm.pl\/wp-content\/uploads\/2025\/03\/Protokol-z-dnia-26-marca-2025-r.-z-posiedzenia-Komisji-Konkursowej-powolanej-do-oceny-prac-nadeslanych-na-Wojewodzki-Konkurs-Fotograficzny-Mlodziezy-Przestrzen-2025-Sklad-komisji-konkursowej-1.-5.pdf\">Wojew\u00f3dzki Konkurs Fotograficzny M\u0142odzie\u017cy \u201ePrzestrze\u0144 2025\u201d<\/a><\/p>\n<p><a href=\"https:\/\/www.mdkchelm.pl\/wp-content\/uploads\/2024\/12\/Protokol-Ozdoba-2024-2.pdf\">PROTOKO\u0141 \u015aWI\u0104TECZNA OZDOBA CHOINKOWA 2024<\/a><\/p>\n<p><a href=\"https:\/\/www.mdkchelm.pl\/wp-content\/uploads\/2024\/11\/PROTOKOL-DZS-2024.pdf\">PROTOKO\u0141 DRUGIE \u017bYCIE \u015aMIECI 2024<\/a><\/p>\n<p><a href=\"https:\/\/www.mdkchelm.pl\/wp-content\/uploads\/2024\/06\/Protokol-A-ja-kocham.2024.pdf\">PROTOKO\u0141 A JA KOCHAM SWOJE MIASTO 2024<\/a><\/p>\n<p>&nbsp;<\/p>\n","protected":false},"excerpt":{"rendered":"<p>A JA KOCHAM SWOJE MIASTO PROTOKO\u0141 PISANKA WIELKANOCNA 2025 Wojew\u00f3dzki Konkurs Fotograficzny M\u0142odzie\u017cy \u201ePrzestrze\u0144 2025\u201d PROTOKO\u0141 \u015aWI\u0104TECZNA OZDOBA CHOINKOWA 2024 PROTOKO\u0141 DRUGIE \u017bYCIE \u015aMIECI 2024 PROTOKO\u0141 A JA KOCHAM SWOJE MIASTO 2024 &nbsp;<\/p>\n","protected":false},"author":1,"featured_media":0,"parent":0,"menu_order":0,"comment_status":"closed","ping_status":"closed","template":"","meta":{"ngg_post_thumbnail":0,"footnotes":""},"_links":{"self":[{"href":"https:\/\/www.mdkchelm.pl\/index.php?rest_route=\/wp\/v2\/pages\/396"}],"collection":[{"href":"https:\/\/www.mdkchelm.pl\/index.php?rest_route=\/wp\/v2\/pages"}],"about":[{"href":"https:\/\/www.mdkchelm.pl\/index.php?rest_route=\/wp\/v2\/types\/page"}],"author":[{"embeddable":true,"href":"https:\/\/www.mdkchelm.pl\/index.php?rest_route=\/wp\/v2\/users\/1"}],"replies":[{"embeddable":true,"href":"https:\/\/www.mdkchelm.pl\/index.php?rest_route=%2Fwp%2Fv2%2Fcomments&post=396"}],"version-history":[{"count":19,"href":"https:\/\/www.mdkchelm.pl\/index.php?rest_route=\/wp\/v2\/pages\/396\/revisions"}],"predecessor-version":[{"id":78205,"href":"https:\/\/www.mdkchelm.pl\/index.php?rest_route=\/wp\/v2\/pages\/396\/revisions\/78205"}],"wp:attachment":[{"href":"https:\/\/www.mdkchelm.pl\/index.php?rest_route=%2Fwp%2Fv2%2Fmedia&parent=396"}],"curies":[{"name":"wp","href":"https:\/\/api.w.org\/{rel}","templated":true}]}}