{"id":416,"date":"2018-11-27T08:38:42","date_gmt":"2018-11-27T08:38:42","guid":{"rendered":"http:\/\/www.mdkchelm.pl\/?page_id=416"},"modified":"2025-02-05T17:34:45","modified_gmt":"2025-02-05T17:34:45","slug":"pliki-do-pobrania","status":"publish","type":"page","link":"https:\/\/www.mdkchelm.pl\/?page_id=416","title":{"rendered":"PLIKI DO POBRANIA"},"content":{"rendered":"<p><a href=\"https:\/\/www.mdkchelm.pl\/wp-content\/uploads\/2024\/09\/PROGRAM-WYCHOWAWCZO-PROFILAKTYCZNY-MDK-2024-25.pdf\" target=\"_blank\" rel=\"noopener\">PROGRAM WYCHOWAWCZO-PROFILAKTYCZNY MDK<\/a><\/p>\n<p><a href=\"http:\/\/www.mdkchelm.pl\/wp-content\/uploads\/2024\/02\/REGULAMIN-KORZYSTANIA-Z-TELEFONOW-KOMORKOWYCH.pdf\" target=\"_blank\" rel=\"noopener\">REGULAMIN KORZYSTANIA Z TELEFON\u00d3W KOM\u00d3RKOWYCH<\/a><\/p>\n<p><a href=\"http:\/\/www.mdkchelm.pl\/wp-content\/uploads\/2024\/02\/STANDARDY-OCHRONY-MALOLETNICH-W-MLODZIEZOWYM-DOMU-KULTURY-W-CHELMIE-1.pdf\" target=\"_blank\" rel=\"noopener\">STANDARDY OCHRONY MA\u0141OLETNICH<\/a><\/p>\n","protected":false},"excerpt":{"rendered":"<p>PROGRAM WYCHOWAWCZO-PROFILAKTYCZNY MDK REGULAMIN KORZYSTANIA Z TELEFON\u00d3W KOM\u00d3RKOWYCH STANDARDY OCHRONY MA\u0141OLETNICH<\/p>\n","protected":false},"author":1,"featured_media":0,"parent":0,"menu_order":0,"comment_status":"closed","ping_status":"closed","template":"","meta":{"ngg_post_thumbnail":0,"footnotes":""},"_links":{"self":[{"href":"https:\/\/www.mdkchelm.pl\/index.php?rest_route=\/wp\/v2\/pages\/416"}],"collection":[{"href":"https:\/\/www.mdkchelm.pl\/index.php?rest_route=\/wp\/v2\/pages"}],"about":[{"href":"https:\/\/www.mdkchelm.pl\/index.php?rest_route=\/wp\/v2\/types\/page"}],"author":[{"embeddable":true,"href":"https:\/\/www.mdkchelm.pl\/index.php?rest_route=\/wp\/v2\/users\/1"}],"replies":[{"embeddable":true,"href":"https:\/\/www.mdkchelm.pl\/index.php?rest_route=%2Fwp%2Fv2%2Fcomments&post=416"}],"version-history":[{"count":58,"href":"https:\/\/www.mdkchelm.pl\/index.php?rest_route=\/wp\/v2\/pages\/416\/revisions"}],"predecessor-version":[{"id":77933,"href":"https:\/\/www.mdkchelm.pl\/index.php?rest_route=\/wp\/v2\/pages\/416\/revisions\/77933"}],"wp:attachment":[{"href":"https:\/\/www.mdkchelm.pl\/index.php?rest_route=%2Fwp%2Fv2%2Fmedia&parent=416"}],"curies":[{"name":"wp","href":"https:\/\/api.w.org\/{rel}","templated":true}]}}