{"id":44500,"date":"2020-06-28T19:25:25","date_gmt":"2020-06-28T19:25:25","guid":{"rendered":"http:\/\/www.mdkchelm.pl\/?page_id=44500"},"modified":"2025-08-27T18:24:02","modified_gmt":"2025-08-27T18:24:02","slug":"rekrutacja-listy-etap-i","status":"publish","type":"page","link":"https:\/\/www.mdkchelm.pl\/?page_id=44500","title":{"rendered":"REKRUTACJA &#8211; LISTY"},"content":{"rendered":"<p><strong>POST\u0118POWANIE REKRUTACYJNE:<\/strong><\/p>\n<p><a href=\"https:\/\/www.mdkchelm.pl\/wp-content\/uploads\/2025\/06\/2025-2026-Lista-kandydatow-zakwalifikowanych-i-niezakwalifikowanych.pdf\">Listy kandydat\u00f3w zakwalifikowanych i niezakwalifikowanych na rok szkolny 2025\/2026<\/a><\/p>\n<p><a href=\"https:\/\/www.mdkchelm.pl\/wp-content\/uploads\/2025\/06\/2025-2026-Lista-przyjety-nieprzyjety.pdf\">Lista kandydat\u00f3w przyj\u0119tych i nieprzyj\u0119tych na rok szkolny 2025\/2026<\/a><\/p>\n<p><strong>POST\u0118POWANIE UZUPE\u0141NIAJ\u0104CE:<\/strong><\/p>\n<p><a href=\"https:\/\/www.mdkchelm.pl\/wp-content\/uploads\/2025\/08\/II-2025-2026-Lista-zakwalifikowani-i-nie-sierpien.pdf\">Lista kandydat\u00f3w zakwalifikowanych i niezakwalifikowanych na rok szkolny 2025\/2026<\/a><\/p>\n<p><a href=\"https:\/\/www.mdkchelm.pl\/wp-content\/uploads\/2025\/08\/II-2025-2026-Lista-przyjety-nieprzyjety-sierpien.pdf\">Lista kandydat\u00f3w przyj\u0119tych i nieprzyj\u0119tych na rok szkolny 2025\/2026<\/a><\/p>\n<p>&nbsp;<\/p>\n","protected":false},"excerpt":{"rendered":"<p>POST\u0118POWANIE REKRUTACYJNE: Listy kandydat\u00f3w zakwalifikowanych i niezakwalifikowanych na rok szkolny 2025\/2026 Lista kandydat\u00f3w przyj\u0119tych i nieprzyj\u0119tych na rok szkolny 2025\/2026 POST\u0118POWANIE UZUPE\u0141NIAJ\u0104CE: Lista kandydat\u00f3w zakwalifikowanych i niezakwalifikowanych na rok szkolny 2025\/2026 Lista kandydat\u00f3w przyj\u0119tych&#46;&#46;&#46;<\/p>\n","protected":false},"author":2,"featured_media":0,"parent":0,"menu_order":0,"comment_status":"closed","ping_status":"closed","template":"","meta":{"ngg_post_thumbnail":0,"footnotes":""},"_links":{"self":[{"href":"https:\/\/www.mdkchelm.pl\/index.php?rest_route=\/wp\/v2\/pages\/44500"}],"collection":[{"href":"https:\/\/www.mdkchelm.pl\/index.php?rest_route=\/wp\/v2\/pages"}],"about":[{"href":"https:\/\/www.mdkchelm.pl\/index.php?rest_route=\/wp\/v2\/types\/page"}],"author":[{"embeddable":true,"href":"https:\/\/www.mdkchelm.pl\/index.php?rest_route=\/wp\/v2\/users\/2"}],"replies":[{"embeddable":true,"href":"https:\/\/www.mdkchelm.pl\/index.php?rest_route=%2Fwp%2Fv2%2Fcomments&post=44500"}],"version-history":[{"count":42,"href":"https:\/\/www.mdkchelm.pl\/index.php?rest_route=\/wp\/v2\/pages\/44500\/revisions"}],"predecessor-version":[{"id":78293,"href":"https:\/\/www.mdkchelm.pl\/index.php?rest_route=\/wp\/v2\/pages\/44500\/revisions\/78293"}],"wp:attachment":[{"href":"https:\/\/www.mdkchelm.pl\/index.php?rest_route=%2Fwp%2Fv2%2Fmedia&parent=44500"}],"curies":[{"name":"wp","href":"https:\/\/api.w.org\/{rel}","templated":true}]}}