{"id":449,"date":"2018-11-27T09:39:48","date_gmt":"2018-11-27T09:39:48","guid":{"rendered":"http:\/\/www.mdkchelm.pl\/?page_id=449"},"modified":"2025-06-08T20:45:54","modified_gmt":"2025-06-08T20:45:54","slug":"zespol-wokalny-demex","status":"publish","type":"page","link":"https:\/\/www.mdkchelm.pl\/?page_id=449","title":{"rendered":"ZESP\u00d3\u0141 WOKALNY DEMEX"},"content":{"rendered":"<h4>ZESP\u00d3\u0141 WOKALNY DEMEX<\/h4>\n<p style=\"text-align: justify;\"><strong>Nauczyciel: Marcin&nbsp; Skibi\u0144ski<a href=\"http:\/\/www.mdkchelm.pl\/wp-content\/uploads\/2018\/11\/demex-min.jpg\"><img loading=\"lazy\" decoding=\"async\" class=\"alignright size-medium wp-image-128\" src=\"http:\/\/www.mdkchelm.pl\/wp-content\/uploads\/2018\/11\/demex-min-300x200.jpg\" alt=\"\" width=\"300\" height=\"200\" srcset=\"https:\/\/www.mdkchelm.pl\/wp-content\/uploads\/2018\/11\/demex-min-300x200.jpg 300w, https:\/\/www.mdkchelm.pl\/wp-content\/uploads\/2018\/11\/demex-min-768x512.jpg 768w, https:\/\/www.mdkchelm.pl\/wp-content\/uploads\/2018\/11\/demex-min-1024x683.jpg 1024w\" sizes=\"(max-width: 300px) 100vw, 300px\" \/><\/a><\/strong><\/p>\n<p style=\"text-align: justify;\">&nbsp;<\/p>\n<p>Zesp\u00f3\u0142, w zmieniaj\u0105cym si\u0119 sk\u0142adzie, istnieje od 2001 r. i na swoim koncie ma wiele osi\u0105gni\u0119\u0107 w konkursach og\u00f3lnopolskich i mi\u0119dzynarodowych. Bardzo cz\u0119sto wyst\u0119puje przed che\u0142msk\u0105 publiczno\u015bci\u0105, bior\u0105c czynny udzia\u0142 w lokalnych uroczysto\u015bciach, koncertach czy festynach. Uczestniczki i Uczestnicy zaj\u0119\u0107, opr\u00f3cz pracy w zespo\u0142ach, pod okiem Instruktora, maj\u0105 mo\u017cliwo\u015b\u0107 przygotowania si\u0119 do indywidualnych wyst\u0119p\u00f3w wokalnych.<\/p>\n<p>W obecnej formie zesp\u00f3\u0142 sk\u0142ada si\u0119 z czterech grup:<\/p>\n<p>Mini DEMEX grupa I<\/p>\n<p>Mini DEMEX grupa II<\/p>\n<p>Mini DEMEX grupa III<\/p>\n<p>Zesp\u00f3\u0142 Wokalny DEMEX<\/p>\n<p>Od powstania z zespo\u0142em pracowa\u0142 Marian Skiba. We wrze\u015bniu 2024 opiek\u0119 nad m\u0142odymi wokalistami przej\u0105\u0142 Marcin Skibi\u0144ski.<\/p>\n<p style=\"text-align: justify;\"><strong><a href=\"http:\/\/www.mdkchelm.pl\/wp-content\/uploads\/2018\/12\/demex.jpg\"><img loading=\"lazy\" decoding=\"async\" class=\"alignright size-medium wp-image-818\" src=\"http:\/\/www.mdkchelm.pl\/wp-content\/uploads\/2018\/12\/demex-300x200.jpg\" alt=\"\" width=\"300\" height=\"200\" srcset=\"https:\/\/www.mdkchelm.pl\/wp-content\/uploads\/2018\/12\/demex-300x200.jpg 300w, https:\/\/www.mdkchelm.pl\/wp-content\/uploads\/2018\/12\/demex-768x512.jpg 768w, https:\/\/www.mdkchelm.pl\/wp-content\/uploads\/2018\/12\/demex-1024x683.jpg 1024w, https:\/\/www.mdkchelm.pl\/wp-content\/uploads\/2018\/12\/demex.jpg 1920w\" sizes=\"(max-width: 300px) 100vw, 300px\" \/><\/a><\/strong><\/p>\n","protected":false},"excerpt":{"rendered":"<p>ZESP\u00d3\u0141 WOKALNY DEMEX Nauczyciel: Marcin&nbsp; Skibi\u0144ski &nbsp; Zesp\u00f3\u0142, w zmieniaj\u0105cym si\u0119 sk\u0142adzie, istnieje od 2001 r. i na swoim koncie ma wiele osi\u0105gni\u0119\u0107 w konkursach og\u00f3lnopolskich i mi\u0119dzynarodowych. Bardzo cz\u0119sto wyst\u0119puje przed che\u0142msk\u0105 publiczno\u015bci\u0105,&#46;&#46;&#46;<\/p>\n","protected":false},"author":1,"featured_media":0,"parent":0,"menu_order":0,"comment_status":"closed","ping_status":"closed","template":"","meta":{"ngg_post_thumbnail":0,"footnotes":""},"_links":{"self":[{"href":"https:\/\/www.mdkchelm.pl\/index.php?rest_route=\/wp\/v2\/pages\/449"}],"collection":[{"href":"https:\/\/www.mdkchelm.pl\/index.php?rest_route=\/wp\/v2\/pages"}],"about":[{"href":"https:\/\/www.mdkchelm.pl\/index.php?rest_route=\/wp\/v2\/types\/page"}],"author":[{"embeddable":true,"href":"https:\/\/www.mdkchelm.pl\/index.php?rest_route=\/wp\/v2\/users\/1"}],"replies":[{"embeddable":true,"href":"https:\/\/www.mdkchelm.pl\/index.php?rest_route=%2Fwp%2Fv2%2Fcomments&post=449"}],"version-history":[{"count":20,"href":"https:\/\/www.mdkchelm.pl\/index.php?rest_route=\/wp\/v2\/pages\/449\/revisions"}],"predecessor-version":[{"id":78216,"href":"https:\/\/www.mdkchelm.pl\/index.php?rest_route=\/wp\/v2\/pages\/449\/revisions\/78216"}],"wp:attachment":[{"href":"https:\/\/www.mdkchelm.pl\/index.php?rest_route=%2Fwp%2Fv2%2Fmedia&parent=449"}],"curies":[{"name":"wp","href":"https:\/\/api.w.org\/{rel}","templated":true}]}}