{"id":45388,"date":"2020-10-05T07:53:45","date_gmt":"2020-10-05T07:53:45","guid":{"rendered":"http:\/\/www.mdkchelm.pl\/?page_id=45388"},"modified":"2025-06-04T12:54:09","modified_gmt":"2025-06-04T12:54:09","slug":"maly-i-duzy-teatr-opowiesci","status":"publish","type":"page","link":"https:\/\/www.mdkchelm.pl\/?page_id=45388","title":{"rendered":"KLUB BOOGIE TWIST &#038; SWING DANCE"},"content":{"rendered":"\n<div class=\"wp-block-media-text is-stacked-on-mobile\"><figure class=\"wp-block-media-text__media\"><img loading=\"lazy\" decoding=\"async\" width=\"1024\" height=\"768\" src=\"https:\/\/www.mdkchelm.pl\/wp-content\/uploads\/2025\/06\/ewa.jpg\" alt=\"\" class=\"wp-image-78207 size-full\" srcset=\"https:\/\/www.mdkchelm.pl\/wp-content\/uploads\/2025\/06\/ewa.jpg 1024w, https:\/\/www.mdkchelm.pl\/wp-content\/uploads\/2025\/06\/ewa-300x225.jpg 300w, https:\/\/www.mdkchelm.pl\/wp-content\/uploads\/2025\/06\/ewa-768x576.jpg 768w\" sizes=\"(max-width: 1024px) 100vw, 1024px\" \/><\/figure><div class=\"wp-block-media-text__content\">\n<p>Klub Boogie Twist Che\u0142m dzia\u0142a nieprzerwanie od 2002 roku, skupiaj\u0105c mi\u0142o\u015bnik\u00f3w ta\u0144c\u00f3w swingowych i rock &amp; roll&#8217;a. W sk\u0142ad Klubu wchodzi pi\u0119\u0107 grup tanecznych, dostosowanych do wieku i poziomu zaawansowania uczestnik\u00f3w.<\/p>\n\n\n\n<p>Grupa Boogie Twist Kids to m\u0142odsze pary taneczne, kt\u00f3re ucz\u0105 si\u0119 podstaw boogie woogie i rock &amp; roll&#8217;a. Boogie Twist Juniors tworz\u0105 bardziej zaawansowani tancerze, regularnie uczestnicz\u0105cy w og\u00f3lnopolskich zawodach i festiwalach.<\/p>\n\n\n\n<p>W cz\u0119\u015bci swingowej dzia\u0142aj\u0105 trzy grupy:<\/p>\n\n\n\n<ul>\n<li>Swing Dance Mini \u2013 najm\u0142odsze tancerki (6\u20138 lat), kt\u00f3re poznaj\u0105 proste techniki ta\u0144ca;<\/li>\n\n\n\n<li>Swing Dance Kids \u2013 dziewczynki w wieku 9\u201312 lat z wi\u0119kszym do\u015bwiadczeniem;<\/li>\n\n\n\n<li>Swing Dance Juniors \u2013 najstarsza grupa (14\u201318 lat), ta\u0144cz\u0105ca od wielu lat, z sukcesami na turniejach tanecznych.<\/li>\n<\/ul>\n\n\n\n<p>Wszystkie grupy przez ca\u0142y rok doskonal\u0105 podstawy jazzu, ucz\u0105 si\u0119 choreografii do muzyki rock &amp; roll&#8217;owej i swingowej, poznaj\u0105c charakterystyczne elementy tych styl\u00f3w. Klub wsp\u00f3\u0142pracuje z czo\u0142owymi trenerami ta\u0144ca boogie z Warszawy, a jego cz\u0142onkowie regularnie bior\u0105 udzia\u0142 w pokazach tanecznych i wyjazdach integracyjnych.<\/p>\n<\/div><\/div>\n\n\n\n<p>Nauczyciel: Ewa Hara\u0144czyk<\/p>\n\n\n\n<figure class=\"wp-block-image size-full\"><img loading=\"lazy\" decoding=\"async\" width=\"1024\" height=\"459\" src=\"https:\/\/www.mdkchelm.pl\/wp-content\/uploads\/2025\/06\/ewa1.jpg\" alt=\"\" class=\"wp-image-78208\" srcset=\"https:\/\/www.mdkchelm.pl\/wp-content\/uploads\/2025\/06\/ewa1.jpg 1024w, https:\/\/www.mdkchelm.pl\/wp-content\/uploads\/2025\/06\/ewa1-300x134.jpg 300w, https:\/\/www.mdkchelm.pl\/wp-content\/uploads\/2025\/06\/ewa1-768x344.jpg 768w\" sizes=\"(max-width: 1024px) 100vw, 1024px\" \/><\/figure>\n","protected":false},"excerpt":{"rendered":"<p>Nauczyciel: Ewa Hara\u0144czyk<\/p>\n","protected":false},"author":2,"featured_media":0,"parent":0,"menu_order":0,"comment_status":"closed","ping_status":"closed","template":"","meta":{"ngg_post_thumbnail":0,"footnotes":""},"_links":{"self":[{"href":"https:\/\/www.mdkchelm.pl\/index.php?rest_route=\/wp\/v2\/pages\/45388"}],"collection":[{"href":"https:\/\/www.mdkchelm.pl\/index.php?rest_route=\/wp\/v2\/pages"}],"about":[{"href":"https:\/\/www.mdkchelm.pl\/index.php?rest_route=\/wp\/v2\/types\/page"}],"author":[{"embeddable":true,"href":"https:\/\/www.mdkchelm.pl\/index.php?rest_route=\/wp\/v2\/users\/2"}],"replies":[{"embeddable":true,"href":"https:\/\/www.mdkchelm.pl\/index.php?rest_route=%2Fwp%2Fv2%2Fcomments&post=45388"}],"version-history":[{"count":7,"href":"https:\/\/www.mdkchelm.pl\/index.php?rest_route=\/wp\/v2\/pages\/45388\/revisions"}],"predecessor-version":[{"id":78209,"href":"https:\/\/www.mdkchelm.pl\/index.php?rest_route=\/wp\/v2\/pages\/45388\/revisions\/78209"}],"wp:attachment":[{"href":"https:\/\/www.mdkchelm.pl\/index.php?rest_route=%2Fwp%2Fv2%2Fmedia&parent=45388"}],"curies":[{"name":"wp","href":"https:\/\/api.w.org\/{rel}","templated":true}]}}