{"id":634,"date":"2018-11-30T15:58:43","date_gmt":"2018-11-30T15:58:43","guid":{"rendered":"http:\/\/www.mdkchelm.pl\/?page_id=634"},"modified":"2024-03-27T18:50:19","modified_gmt":"2024-03-27T18:50:19","slug":"historia","status":"publish","type":"page","link":"https:\/\/www.mdkchelm.pl\/?page_id=634","title":{"rendered":"STATUT MDK"},"content":{"rendered":"<h3><strong>STATUT M\u0141ODZIE\u017bOWEGO DOMU KULTURY W CHE\u0141MIE<\/strong><\/h3>\n<p><a href=\"http:\/\/www.mdkchelm.pl\/wp-content\/uploads\/2024\/03\/STATUT-MDK-2024-2.pdf\" target=\"_blank\" rel=\"noopener\">STATUT DO POBRANIA<\/a><\/p>\n","protected":false},"excerpt":{"rendered":"<p>STATUT M\u0141ODZIE\u017bOWEGO DOMU KULTURY W CHE\u0141MIE STATUT DO POBRANIA<\/p>\n","protected":false},"author":1,"featured_media":0,"parent":0,"menu_order":0,"comment_status":"closed","ping_status":"closed","template":"","meta":{"ngg_post_thumbnail":0,"footnotes":""},"_links":{"self":[{"href":"https:\/\/www.mdkchelm.pl\/index.php?rest_route=\/wp\/v2\/pages\/634"}],"collection":[{"href":"https:\/\/www.mdkchelm.pl\/index.php?rest_route=\/wp\/v2\/pages"}],"about":[{"href":"https:\/\/www.mdkchelm.pl\/index.php?rest_route=\/wp\/v2\/types\/page"}],"author":[{"embeddable":true,"href":"https:\/\/www.mdkchelm.pl\/index.php?rest_route=\/wp\/v2\/users\/1"}],"replies":[{"embeddable":true,"href":"https:\/\/www.mdkchelm.pl\/index.php?rest_route=%2Fwp%2Fv2%2Fcomments&post=634"}],"version-history":[{"count":22,"href":"https:\/\/www.mdkchelm.pl\/index.php?rest_route=\/wp\/v2\/pages\/634\/revisions"}],"predecessor-version":[{"id":77030,"href":"https:\/\/www.mdkchelm.pl\/index.php?rest_route=\/wp\/v2\/pages\/634\/revisions\/77030"}],"wp:attachment":[{"href":"https:\/\/www.mdkchelm.pl\/index.php?rest_route=%2Fwp%2Fv2%2Fmedia&parent=634"}],"curies":[{"name":"wp","href":"https:\/\/api.w.org\/{rel}","templated":true}]}}