{"id":645,"date":"2018-11-30T16:06:45","date_gmt":"2018-11-30T16:06:45","guid":{"rendered":"http:\/\/www.mdkchelm.pl\/?page_id=645"},"modified":"2025-10-02T16:13:20","modified_gmt":"2025-10-02T16:13:20","slug":"rada-rodzicow","status":"publish","type":"page","link":"https:\/\/www.mdkchelm.pl\/?page_id=645","title":{"rendered":"RADA RODZIC\u00d3W"},"content":{"rendered":"<p>&nbsp;<\/p>\n<p style=\"text-align: center;\"><strong>Rada Rodzic\u00f3w przy MDK w Che\u0142mie<\/strong><br \/>\n<strong>ul. Pocztowa 41<\/strong><br \/>\n<strong>22-100 Che\u0142m<\/strong><br \/>\n<strong>NIP 563 209 12 35<\/strong><br \/>\n<strong>Numer rachunku bankowego: PEKAO SA 38 1240 2223 1111 0011 2968 7310<\/strong><\/p>\n<p>&nbsp;<\/p>\n<p style=\"text-align: center;\"><strong>Rada Rodzic\u00f3w przy M\u0142odzie\u017cowym Domu Kultury w Che\u0142mie informuje<\/strong><br \/>\n<strong>wszystkich rodzic\u00f3w, \u017ce w roku szkolnym <span style=\"color: #800000;\">2025\/2026<\/span>&nbsp;wp\u0142aty <span style=\"color: #800000;\">roczne<\/span> na<\/strong><br \/>\n<strong>Rad\u0119 Rodzic\u00f3w ustalono <span style=\"color: #000000;\">w wysoko\u015bci <span style=\"color: #ff0000;\">200 z\u0142<\/span> we wszystkich pracowniach.<\/span><\/strong><\/p>\n<p>&nbsp;<\/p>\n<p>MATERIA\u0141Y NA ROK SZKOLNY 2025\/2026:<\/p>\n<p>Plastelownia &#8211; 200,00 z\u0142&nbsp;<br \/>\nColor Wheel &#8211; 300,00 z\u0142&nbsp;<br \/>\nEkoludki &#8211; 200,00 z\u0142&nbsp;<br \/>\nModna Sztuka &#8211; 200,00 z\u0142&nbsp;<br \/>\nDedal i Ikar, Z\u0142ote R\u0105czki &#8211; 200,00 z\u0142&nbsp;<\/p>\n<p>Wp\u0142at mo\u017cna dokonywa\u0107 jednorazowo lub w dw\u00f3ch ratach.<br \/>\nTerminy wp\u0142at ratalnych: I rata do 15 PA\u0179DZIERNIKA 2025 r. i II rata do 15 LUTEGO 2026 r.<br \/>\nWp\u0142aty prosimy tytu\u0142owa\u0107 : imi\u0119 i nazwisko dziecka, nazwa pracowni lub imi\u0119 i nazwisko nauczyciela, a je\u015bli wp\u0142ata dotyczy materia\u0142\u00f3w, dopisujemy \u201eMATERIA\u0141Y\u201d<\/p>\n<p>&nbsp;<\/p>\n<p style=\"text-align: center;\"><strong>PROSIMY O RZETELNE DOKONYWANIE WP\u0141AT<\/strong><\/p>\n<p style=\"text-align: center;\"><em>Zgromadzone pieni\u0105dze pozwol\u0105 w prowadzeniu dzia\u0142alno\u015bci edukacyjnej, <\/em><br \/>\n<em>wychowawczej i opieku\u0144czej z naszymi dzie\u0107mi <\/em><br \/>\n<em>w M\u0142odzie\u017cowym Domu Kultury<\/em><\/p>\n<p><span style=\"color: #008000;\">***********************************************************************************************************<\/span><br \/>\n<a href=\"http:\/\/www.mdkchelm.pl\/wp-content\/uploads\/2023\/09\/Regulamin-Rady-Rodzicow.pdf\" target=\"_blank\" rel=\"noopener\"><span style=\"color: #000080;\"><strong>RADA RODZIC\u00d3W PRZY M\u0141ODZIE\u017bOWYM DOMU KULTURY W CHE\u0141MIE &#8211; REGULAMIN<\/strong><\/span><\/a><br \/>\n<span style=\"color: #008000;\">*********************************************************************************************<\/span><\/p>\n<p><span style=\"color: #000080;\"><strong>Rada Rodzic\u00f3w przy M\u0142odzie\u017cowym Domu Kultury w Che\u0142mie w roku szkolnym 2025\/2026<\/strong><\/span><\/p>\n<p>Przewodnicz\u0105cy Rady Rodzic\u00f3w: PRZEMYS\u0141AW \u017bUK<br \/>\nWiceprzewodnicz\u0105ca Rady Rodzic\u00f3w: MAGDALENA KOSIKOWSKA<br \/>\nSkarbnik Rady Rodzic\u00f3w: OLGA PIECH<\/p>\n<p><span style=\"color: #000080;\"><strong>Sk\u0142ad Komisji Rewizyjnej Rady Rodzic\u00f3w przy M\u0142odzie\u017cowym Domu Kultury w Che\u0142mie w roku szkolnym 2025\/2026<\/strong><\/span><\/p>\n<p>Przewodnicz\u0105ca Komisji Rewizyjnej Rady Rodzic\u00f3w: AGNIESZKA DZIEDZICKA<br \/>\nWiceprzewodnicz\u0105cy Komisji Rewizyjnej Rady Rodzic\u00f3w: MARCIN WI\u015aNIOWSKI&nbsp;<\/p>\n<p>Cz\u0142onek Komisji Rewizyjnej Rady Rodzic\u00f3w: ANETA MAS\u0141OWSKA<br \/>\nCz\u0142onek Komisji Rewizyjnej Rady Rodzic\u00f3w: ANNA PI\u0141AT<\/p>\n<p>Cz\u0142onek Rady Rodzic\u00f3w: MONIKA PR\u0104CZKO&nbsp;<br \/>\nCz\u0142onek Rady Rodzic\u00f3w: KRZYSZTOF RASZKA<br \/>\nCz\u0142onek Rady Rodzic\u00f3w: KRYSTYNA STAWICKA<br \/>\n<strong>&nbsp;<\/strong><\/p>\n","protected":false},"excerpt":{"rendered":"<p>&nbsp; Rada Rodzic\u00f3w przy MDK w Che\u0142mie ul. Pocztowa 41 22-100 Che\u0142m NIP 563 209 12 35 Numer rachunku bankowego: PEKAO SA 38 1240 2223 1111 0011 2968 7310 &nbsp; Rada Rodzic\u00f3w przy M\u0142odzie\u017cowym&#46;&#46;&#46;<\/p>\n","protected":false},"author":1,"featured_media":0,"parent":0,"menu_order":0,"comment_status":"closed","ping_status":"closed","template":"","meta":{"ngg_post_thumbnail":0,"footnotes":""},"_links":{"self":[{"href":"https:\/\/www.mdkchelm.pl\/index.php?rest_route=\/wp\/v2\/pages\/645"}],"collection":[{"href":"https:\/\/www.mdkchelm.pl\/index.php?rest_route=\/wp\/v2\/pages"}],"about":[{"href":"https:\/\/www.mdkchelm.pl\/index.php?rest_route=\/wp\/v2\/types\/page"}],"author":[{"embeddable":true,"href":"https:\/\/www.mdkchelm.pl\/index.php?rest_route=\/wp\/v2\/users\/1"}],"replies":[{"embeddable":true,"href":"https:\/\/www.mdkchelm.pl\/index.php?rest_route=%2Fwp%2Fv2%2Fcomments&post=645"}],"version-history":[{"count":53,"href":"https:\/\/www.mdkchelm.pl\/index.php?rest_route=\/wp\/v2\/pages\/645\/revisions"}],"predecessor-version":[{"id":78407,"href":"https:\/\/www.mdkchelm.pl\/index.php?rest_route=\/wp\/v2\/pages\/645\/revisions\/78407"}],"wp:attachment":[{"href":"https:\/\/www.mdkchelm.pl\/index.php?rest_route=%2Fwp%2Fv2%2Fmedia&parent=645"}],"curies":[{"name":"wp","href":"https:\/\/api.w.org\/{rel}","templated":true}]}}