{"id":77679,"date":"2024-10-18T18:04:38","date_gmt":"2024-10-18T18:04:38","guid":{"rendered":"https:\/\/www.mdkchelm.pl\/?page_id=77679"},"modified":"2026-04-30T12:32:32","modified_gmt":"2026-04-30T12:32:32","slug":"wolne-miejsca","status":"publish","type":"page","link":"https:\/\/www.mdkchelm.pl\/?page_id=77679","title":{"rendered":"WOLNE MIEJSCA"},"content":{"rendered":"\n<p><strong>M\u0141ODZIE\u017bOWY DOM KULTURY W CHE\u0141MIE<\/strong><\/p>\n\n\n\n<p><strong>WYKAZ WOLNYCH MIEJSC W PRACOWNIACH I KO\u0141ACH ZAINTERESOWA\u0143<\/strong><\/p>\n\n\n\n<p><strong>W ROKU SZKOLNYM 2026\/2027<\/strong><\/p>\n\n\n\n<figure class=\"wp-block-table\"><table><tbody><tr><td>Lp.<\/td><td>NAZWA PRACOWNI<\/td><td>LICZBA MIEJSC<\/td><\/tr><tr><td>1.<\/td><td>ZESP\u00d3\u0141 TA\u0143CA JAZZOWEGO BALLO<\/td><td>64<\/td><\/tr><tr><td>2.<\/td><td>KEYBOARD ALLEGRO<\/td><td>30<\/td><\/tr><tr><td>3.<\/td><td>SWING DANCE\/BOOGIE TWIST KIDS<\/td><td>44<\/td><\/tr><tr><td>4.<\/td><td>PRACOWNIA MODNA SZTUKA<\/td><td>60<\/td><\/tr><tr><td>5.<\/td><td>PRACOWNIA COLOR WHEEL<\/td><td>60<\/td><\/tr><tr><td>6.<\/td><td>PRACOWNIA PLASTELOWNIA<\/td><td>40<\/td><\/tr><tr><td>7.<\/td><td>STUDIO TEATRU WYOBRA\u0179NI<\/td><td>30<\/td><\/tr><tr><td>8.<\/td><td>ZESP\u00d3\u0141 WOKALNY DEMEX<\/td><td>48<\/td><\/tr><tr><td>9.<\/td><td>ORKIESTRA WSZYSTKO GRA<\/td><td>35<\/td><\/tr><tr><td>10.<\/td><td>TANIEC NOWOCZESNY DANCE TEAM<\/td><td>76<\/td><\/tr><tr><td>11.<\/td><td>BEATS KIDS\/EDUKACYJNE STUDIO NAGRA\u0143<\/td><td>30<\/td><\/tr><tr><td>12.<\/td><td>EKOLUDKI<\/td><td>48<\/td><\/tr><tr><td>13.<\/td><td>GRUPA PAPARAZZI\/ANIMATOR KULTURY FOTOGRAFIA<\/td><td>36<\/td><\/tr><tr><td><br><\/td><td>RAZEM<\/td><td>601<\/td><\/tr><\/tbody><\/table><\/figure>\n\n\n\n<p><a href=\"https:\/\/www.mdkchelm.pl\/wp-content\/uploads\/2026\/04\/Wykaz-miejsc-rekrutacja-2026-2027.odt\" target=\"_blank\" rel=\"noreferrer noopener\">LISTA DO DRUKU<\/a><\/p>\n","protected":false},"excerpt":{"rendered":"<p>M\u0141ODZIE\u017bOWY DOM KULTURY W CHE\u0141MIE WYKAZ WOLNYCH MIEJSC W PRACOWNIACH I KO\u0141ACH ZAINTERESOWA\u0143 W ROKU SZKOLNYM 2026\/2027 Lp. NAZWA PRACOWNI LICZBA MIEJSC 1. ZESP\u00d3\u0141 TA\u0143CA JAZZOWEGO BALLO 64 2. KEYBOARD ALLEGRO 30 3. SWING&#46;&#46;&#46;<\/p>\n","protected":false},"author":3,"featured_media":0,"parent":0,"menu_order":0,"comment_status":"closed","ping_status":"closed","template":"","meta":{"ngg_post_thumbnail":0,"footnotes":""},"_links":{"self":[{"href":"https:\/\/www.mdkchelm.pl\/index.php?rest_route=\/wp\/v2\/pages\/77679"}],"collection":[{"href":"https:\/\/www.mdkchelm.pl\/index.php?rest_route=\/wp\/v2\/pages"}],"about":[{"href":"https:\/\/www.mdkchelm.pl\/index.php?rest_route=\/wp\/v2\/types\/page"}],"author":[{"embeddable":true,"href":"https:\/\/www.mdkchelm.pl\/index.php?rest_route=\/wp\/v2\/users\/3"}],"replies":[{"embeddable":true,"href":"https:\/\/www.mdkchelm.pl\/index.php?rest_route=%2Fwp%2Fv2%2Fcomments&post=77679"}],"version-history":[{"count":32,"href":"https:\/\/www.mdkchelm.pl\/index.php?rest_route=\/wp\/v2\/pages\/77679\/revisions"}],"predecessor-version":[{"id":78805,"href":"https:\/\/www.mdkchelm.pl\/index.php?rest_route=\/wp\/v2\/pages\/77679\/revisions\/78805"}],"wp:attachment":[{"href":"https:\/\/www.mdkchelm.pl\/index.php?rest_route=%2Fwp%2Fv2%2Fmedia&parent=77679"}],"curies":[{"name":"wp","href":"https:\/\/api.w.org\/{rel}","templated":true}]}}